{"id":32,"date":"2010-07-22T07:40:38","date_gmt":"2010-07-22T07:40:38","guid":{"rendered":"http:\/\/www.attractionclub.ro\/"},"modified":"2025-05-23T08:55:09","modified_gmt":"2025-05-23T05:55:09","slug":"regulile-attraction-club","status":"publish","type":"page","link":"https:\/\/club.attractionclub.ro\/en\/regulile-attraction-club\/","title":{"rendered":"Rules"},"content":{"rendered":"<div style=\"background: url('https:\/\/attractionclub.ro\/images\/bg_spec.jpg') no-repeat center top; margin: auto;\">\n<div style=\"width: 315px; height: 200px; padding: 5px; font-family: Arial,Verdana; font-size: 14px; color: white; background: url() no-repeat scroll center center transparent; float: left; margin: 25px 0 0 10px;\">\n<p>&nbsp;<\/p>\n<p><strong>Attraction Club<\/strong> este un loc de excep\u021bie, creat cu mare aten\u021bie pentru rafinament \u0219i seduc\u021bie, care s\u0103 satisfac\u0103 preten\u021biile unei comunit\u0103\u021bi swingers de elit\u0103!<\/p>\n<p><strong>Attraction Club<\/strong> nu are nimic de-a face cu vulgaritatea \u0219i lipsa de bun gust a erotismului ieftin.<\/p>\n<p>Respectarea unor standarde \u00eenalte de calitate ne permite s\u0103 excel\u0103m \u0219i s\u0103 nu avem rivali \u00een ceea ce prive\u0219te atmosfera unic\u0103 din clubul nostru!<\/p>\n<\/div>\n<div style=\"width: 315px; height: 200px; padding: 5px; font-family: Arial,Verdana; font-size: 14px; color: white; background: url() no-repeat scroll center center transparent; float: left; margin: 25px 0 0 13px;\">\n<p>&nbsp;<\/p>\n<p>1. Pentru a vizita Attraction Club trebuie s\u0103 ave\u021bi cel pu\u021bin 18 ani.<br \/>\n2. Trebuie s\u0103 fi\u021bi s\u0103n\u0103to\u0219i. V\u0103 rug\u0103m s\u0103 lua\u021bi \u00een considerare dac\u0103 dori\u021bi s\u0103 vizita\u021bi clubul \u00een condi\u021biile \u00een care ave\u021bi r\u0103ceal\u0103 sau grip\u0103.<br \/>\n3. Toate activit\u0103\u021bile sexuale sunt voluntare \u0219i se bazeaz\u0103 pe acordul comun al tuturor participan\u021bilor. Nimeni nu poate for\u021ba pe nimeni \u00eentr-o activitate sexual\u0103. Nu \u00eenseamn\u0103 nu!<br \/>\n4. Nu se permite accesul \u00een club persoanelor aflate \u00een stare de ebrietate sau sub influen\u021ba drogurilor sau care prin comportament sau limbaj deranjeaz\u0103 pe ceilal\u021bi clien\u021bi.<br \/>\n5. Este interzis\u0103 oferirea unor sume de bani pentru activit\u0103\u021bi sexuale.<\/p>\n<p>&nbsp;<\/p>\n<\/div>\n<div style=\"width: 300px; height: 200px; padding: 5px; font-family: Arial,Verdana; font-size: 14px; color: white; background: url() no-repeat scroll center center transparent; float: left; margin: 25px 0 0 1px;\">\n<p>6. V\u0103 rug\u0103m s\u0103 respecta\u021bi intimitatea celorlal\u021bi dac\u0103 ace\u0219tia au nevoie de ea.<br \/>\n7. Dup\u0103 ora 01:00 accesul \u00een spatiile erotice din Attraction Club este permis numai \u00een lenjerie.<br \/>\n8. Este interzis\u0103 realizarea de fotografii sau \u00eenregistr\u0103ri audio-video \u00een incinta clubului.<br \/>\n9. \u00cenc\u0103lcarea acestor reguli pe parcursul petrecerilor va conduce la excluderea \u0219i interzicerea accesului \u00een club! V\u0103 rug\u0103m s\u0103 semnala\u021bi personalului clubului orice tentativ\u0103 de \u00eenc\u0103lcare a acestor reguli!<\/p>\n<\/div>\n<\/div>","protected":false},"excerpt":{"rendered":"<p>&nbsp; Attraction Club este un loc de excep\u021bie, creat cu mare aten\u021bie pentru rafinament \u0219i seduc\u021bie, care s\u0103 satisfac\u0103 preten\u021biile unei comunit\u0103\u021bi swingers de elit\u0103! Attraction Club nu are nimic de-a face cu vulgaritatea \u0219i lipsa de bun gust a erotismului ieftin. Respectarea unor standarde \u00eenalte de calitate ne permite s\u0103 excel\u0103m \u0219i s\u0103 nu<\/p>","protected":false},"author":1,"featured_media":0,"parent":0,"menu_order":0,"comment_status":"closed","ping_status":"closed","template":"","meta":{"footnotes":""},"class_list":["post-32","page","type-page","status-publish","hentry"],"yoast_head":"<!-- This site is optimized with the Yoast SEO plugin v27.4 - https:\/\/yoast.com\/product\/yoast-seo-wordpress\/ -->\n<title>Reguli<\/title>\n<meta name=\"description\" content=\"Attraction Club este un loc de excep\u021bie, creat cu mare aten\u021bie pentru rafinament \u0219i seduc\u021bie, care s\u0103 satisfac\u0103 preten\u021biile unei comunit\u0103\u021bi swingers de elit\u0103!\" \/>\n<meta name=\"robots\" content=\"index, follow, max-snippet:-1, max-image-preview:large, max-video-preview:-1\" \/>\n<link rel=\"canonical\" href=\"https:\/\/attractionclub.ro\" \/>\n<meta name=\"twitter:card\" content=\"summary_large_image\" \/>\n<meta name=\"twitter:title\" content=\"Regulile Attraction Club\" \/>\n<meta name=\"twitter:description\" content=\"Attraction Club este un loc de excep\u021bie, creat cu mare aten\u021bie pentru rafinament \u0219i seduc\u021bie, care s\u0103 satisfac\u0103 preten\u021biile unei comunit\u0103\u021bi swingers de elit\u0103!\" \/>\n<meta name=\"twitter:site\" content=\"@attractionclub\" \/>\n<meta name=\"twitter:label1\" content=\"Est. reading time\" \/>\n\t<meta name=\"twitter:data1\" content=\"2 minutes\" \/>\n<script type=\"application\/ld+json\" class=\"yoast-schema-graph\">{\"@context\":\"https:\\\/\\\/schema.org\",\"@graph\":[{\"@type\":\"WebPage\",\"@id\":\"https:\\\/\\\/club.attractionclub.ro\\\/regulile-attraction-club\\\/\",\"url\":\"https:\\\/\\\/attractionclub.ro\",\"name\":\"Reguli\",\"isPartOf\":{\"@id\":\"https:\\\/\\\/club.attractionclub.ro\\\/#website\"},\"datePublished\":\"2010-07-22T07:40:38+00:00\",\"dateModified\":\"2025-05-23T05:55:09+00:00\",\"description\":\"Attraction Club este un loc de excep\u021bie, creat cu mare aten\u021bie pentru rafinament \u0219i seduc\u021bie, care s\u0103 satisfac\u0103 preten\u021biile unei comunit\u0103\u021bi swingers de elit\u0103!\",\"breadcrumb\":{\"@id\":\"https:\\\/\\\/attractionclub.ro#breadcrumb\"},\"inLanguage\":\"en-US\",\"potentialAction\":[{\"@type\":\"ReadAction\",\"target\":[\"https:\\\/\\\/attractionclub.ro\"]}]},{\"@type\":\"BreadcrumbList\",\"@id\":\"https:\\\/\\\/attractionclub.ro#breadcrumb\",\"itemListElement\":[{\"@type\":\"ListItem\",\"position\":1,\"name\":\"Home\",\"item\":\"https:\\\/\\\/club.attractionclub.ro\\\/\"},{\"@type\":\"ListItem\",\"position\":2,\"name\":\"Reguli\"}]},{\"@type\":\"WebSite\",\"@id\":\"https:\\\/\\\/club.attractionclub.ro\\\/#website\",\"url\":\"https:\\\/\\\/club.attractionclub.ro\\\/\",\"name\":\"Attraction Club - Swingers Club\",\"description\":\"Via\u021ba merit\u0103 mai mult\u0103 pl\u0103cere!\",\"publisher\":{\"@id\":\"https:\\\/\\\/club.attractionclub.ro\\\/#organization\"},\"potentialAction\":[{\"@type\":\"SearchAction\",\"target\":{\"@type\":\"EntryPoint\",\"urlTemplate\":\"https:\\\/\\\/club.attractionclub.ro\\\/?s={search_term_string}\"},\"query-input\":{\"@type\":\"PropertyValueSpecification\",\"valueRequired\":true,\"valueName\":\"search_term_string\"}}],\"inLanguage\":\"en-US\"},{\"@type\":\"Organization\",\"@id\":\"https:\\\/\\\/club.attractionclub.ro\\\/#organization\",\"name\":\"Attraction Club\",\"url\":\"https:\\\/\\\/club.attractionclub.ro\\\/\",\"logo\":{\"@type\":\"ImageObject\",\"inLanguage\":\"en-US\",\"@id\":\"https:\\\/\\\/club.attractionclub.ro\\\/#\\\/schema\\\/logo\\\/image\\\/\",\"url\":\"https:\\\/\\\/club.attractionclub.ro\\\/wp-content\\\/uploads\\\/LOGO-FINAL-MARE-fara-motto.jpg\",\"contentUrl\":\"https:\\\/\\\/club.attractionclub.ro\\\/wp-content\\\/uploads\\\/LOGO-FINAL-MARE-fara-motto.jpg\",\"width\":1125,\"height\":837,\"caption\":\"Attraction Club\"},\"image\":{\"@id\":\"https:\\\/\\\/club.attractionclub.ro\\\/#\\\/schema\\\/logo\\\/image\\\/\"},\"sameAs\":[\"https:\\\/\\\/www.facebook.com\\\/attractionclub\",\"https:\\\/\\\/x.com\\\/attractionclub\"]}]}<\/script>\n<!-- \/ Yoast SEO plugin. -->","yoast_head_json":{"title":"Rules","description":"Attraction Club este un loc de excep\u021bie, creat cu mare aten\u021bie pentru rafinament \u0219i seduc\u021bie, care s\u0103 satisfac\u0103 preten\u021biile unei comunit\u0103\u021bi swingers de elit\u0103!","robots":{"index":"index","follow":"follow","max-snippet":"max-snippet:-1","max-image-preview":"max-image-preview:large","max-video-preview":"max-video-preview:-1"},"canonical":"https:\/\/attractionclub.ro","twitter_card":"summary_large_image","twitter_title":"Regulile Attraction Club","twitter_description":"Attraction Club este un loc de excep\u021bie, creat cu mare aten\u021bie pentru rafinament \u0219i seduc\u021bie, care s\u0103 satisfac\u0103 preten\u021biile unei comunit\u0103\u021bi swingers de elit\u0103!","twitter_site":"@attractionclub","twitter_misc":{"Est. reading time":"2 minutes"},"schema":{"@context":"https:\/\/schema.org","@graph":[{"@type":"WebPage","@id":"https:\/\/club.attractionclub.ro\/regulile-attraction-club\/","url":"https:\/\/attractionclub.ro","name":"Rules","isPartOf":{"@id":"https:\/\/club.attractionclub.ro\/#website"},"datePublished":"2010-07-22T07:40:38+00:00","dateModified":"2025-05-23T05:55:09+00:00","description":"Attraction Club este un loc de excep\u021bie, creat cu mare aten\u021bie pentru rafinament \u0219i seduc\u021bie, care s\u0103 satisfac\u0103 preten\u021biile unei comunit\u0103\u021bi swingers de elit\u0103!","breadcrumb":{"@id":"https:\/\/attractionclub.ro#breadcrumb"},"inLanguage":"en-US","potentialAction":[{"@type":"ReadAction","target":["https:\/\/attractionclub.ro"]}]},{"@type":"BreadcrumbList","@id":"https:\/\/attractionclub.ro#breadcrumb","itemListElement":[{"@type":"ListItem","position":1,"name":"Home","item":"https:\/\/club.attractionclub.ro\/"},{"@type":"ListItem","position":2,"name":"Reguli"}]},{"@type":"WebSite","@id":"https:\/\/club.attractionclub.ro\/#website","url":"https:\/\/club.attractionclub.ro\/","name":"Attraction Club - Swingers Club","description":"Via\u021ba merit\u0103 mai mult\u0103 pl\u0103cere!","publisher":{"@id":"https:\/\/club.attractionclub.ro\/#organization"},"potentialAction":[{"@type":"SearchAction","target":{"@type":"EntryPoint","urlTemplate":"https:\/\/club.attractionclub.ro\/?s={search_term_string}"},"query-input":{"@type":"PropertyValueSpecification","valueRequired":true,"valueName":"search_term_string"}}],"inLanguage":"en-US"},{"@type":"Organization","@id":"https:\/\/club.attractionclub.ro\/#organization","name":"Attraction Club","url":"https:\/\/club.attractionclub.ro\/","logo":{"@type":"ImageObject","inLanguage":"en-US","@id":"https:\/\/club.attractionclub.ro\/#\/schema\/logo\/image\/","url":"https:\/\/club.attractionclub.ro\/wp-content\/uploads\/LOGO-FINAL-MARE-fara-motto.jpg","contentUrl":"https:\/\/club.attractionclub.ro\/wp-content\/uploads\/LOGO-FINAL-MARE-fara-motto.jpg","width":1125,"height":837,"caption":"Attraction Club"},"image":{"@id":"https:\/\/club.attractionclub.ro\/#\/schema\/logo\/image\/"},"sameAs":["https:\/\/www.facebook.com\/attractionclub","https:\/\/x.com\/attractionclub"]}]}},"_links":{"self":[{"href":"https:\/\/club.attractionclub.ro\/en\/wp-json\/wp\/v2\/pages\/32","targetHints":{"allow":["GET"]}}],"collection":[{"href":"https:\/\/club.attractionclub.ro\/en\/wp-json\/wp\/v2\/pages"}],"about":[{"href":"https:\/\/club.attractionclub.ro\/en\/wp-json\/wp\/v2\/types\/page"}],"author":[{"embeddable":true,"href":"https:\/\/club.attractionclub.ro\/en\/wp-json\/wp\/v2\/users\/1"}],"replies":[{"embeddable":true,"href":"https:\/\/club.attractionclub.ro\/en\/wp-json\/wp\/v2\/comments?post=32"}],"version-history":[{"count":5,"href":"https:\/\/club.attractionclub.ro\/en\/wp-json\/wp\/v2\/pages\/32\/revisions"}],"predecessor-version":[{"id":10239,"href":"https:\/\/club.attractionclub.ro\/en\/wp-json\/wp\/v2\/pages\/32\/revisions\/10239"}],"wp:attachment":[{"href":"https:\/\/club.attractionclub.ro\/en\/wp-json\/wp\/v2\/media?parent=32"}],"curies":[{"name":"wp","href":"https:\/\/api.w.org\/{rel}","templated":true}]}}