{"id":35,"date":"2013-04-25T10:49:26","date_gmt":"2013-04-25T07:49:26","guid":{"rendered":"http:\/\/www.attractionclub.ro\/"},"modified":"2025-07-10T11:14:56","modified_gmt":"2025-07-10T08:14:56","slug":"rezervari-si-tarife","status":"publish","type":"page","link":"https:\/\/club.attractionclub.ro\/en\/rezervari-si-tarife\/","title":{"rendered":"Booking and prices"},"content":{"rendered":"<div style=\"background: url('https:\/\/attractionclub.ro\/images\/bg_cont.jpg') no-repeat center top; margin: auto;\">\n<div class=\"row\">\n<div class=\"col-md-4\">\n<p><img decoding=\"async\" class=\"img-responsive\" style=\"margin: 0 auto;\" src=\"https:\/\/attractionclub.ro\/images\/adresa.jpg\" alt=\"\" \/><\/p>\n<div class=\"text-center\" style=\"color: #fff;\">Agricultori 16, Bucharest, Romania<\/div>\n<\/div>\n<div class=\"col-md-4\">\n<p style=\"text-align: center;\"><strong>Tarife:<\/strong><\/p>\n<p style=\"text-align: center;\">Cuplu &#8211; <strong>269,99 lei<br \/>\n<\/strong>Domn single &#8211; <strong>519,99 lei<br \/>\n<\/strong>Doamn\u0103 single &#8211; <strong>119,99 lei<br \/>\n<\/strong><\/p>\n<p style=\"text-align: center;\"><span style=\"font-size: x-small;\">Attraction Club member card 100 lei (optional) <strong> &#8211; <a style=\"color: #d7b6b6;\" href=\"https:\/\/club.attractionclub.ro\/en\/card\/\">detalii<\/a><br \/>\n<\/strong><\/span><\/p>\n<p style=\"text-align: center;\"><strong>Program:<\/strong><\/p>\n<p style=\"text-align: center;\">Vineri \u0219i S\u00e2mb\u0103t\u0103: 23 &#8211; 05<\/p>\n<p style=\"text-align: center;\"><strong>Bookings and other information at:<\/strong><br \/>\n<span style=\"font-size: medium;\"><br \/>\n<strong>0731.578.887, 0757.952.474<\/strong><\/span><\/p>\n<p style=\"text-align: center;\"><strong>E-mail: info@attractionclub.ro<\/strong><\/p>\n<p style=\"text-align: center;\">\n<\/div>\n<div class=\"col-md-4\"><a href=\"https:\/\/club.attractionclub.ro\/en\/blog\/\"><br \/>\n<img decoding=\"async\" class=\"img-responsive\" src=\"https:\/\/attractionclub.ro\/banners\/blog.jpg\" alt=\"\" \/><br \/>\n<\/a><\/div>\n<\/div>\n<p><iframe loading=\"lazy\" class=\"map\" style=\"border: 0;\" src=\"https:\/\/www.google.com\/maps\/embed\/v1\/place?q=Attraction%20Club%20Massage%20Strada%20Agricultori%2C%20Bucharest%2C%20Romania&amp;key=AIzaSyAIb0UTJieQpVTlCV3w8ng5wY4VzMw1kPw&amp;language=ro\" width=\"100%\" height=\"350\" frameborder=\"0\"><\/iframe><\/p>\n<\/div>","protected":false},"excerpt":{"rendered":"<p>Str. Agricultori nr. 16, Bucure\u0219ti Tarife: Cuplu &#8211; 269,99 lei Domn single &#8211; 519,99 lei Doamn\u0103 single &#8211; 119,99 lei Card membru Attraction Club 100 lei (op\u021bional) &#8211; detalii Program: Vineri \u0219i S\u00e2mb\u0103t\u0103: 23 &#8211; 05 Rezerv\u0103ri \u0219i alte informa\u021bii la: 0731.578.887, 0757.952.474 E-mail: info@attractionclub.ro<\/p>","protected":false},"author":1,"featured_media":0,"parent":0,"menu_order":0,"comment_status":"closed","ping_status":"closed","template":"","meta":{"footnotes":""},"class_list":["post-35","page","type-page","status-publish","hentry"],"yoast_head":"<!-- This site is optimized with the Yoast SEO plugin v27.4 - https:\/\/yoast.com\/product\/yoast-seo-wordpress\/ -->\n<title>Rezerv\u0103ri \u0219i Tarife<\/title>\n<meta name=\"description\" content=\"Primul \u0219i singurul club swingers din Bucure\u0219ti.\" \/>\n<meta name=\"robots\" content=\"noindex, follow\" \/>\n<meta name=\"twitter:card\" content=\"summary_large_image\" \/>\n<meta name=\"twitter:title\" content=\"Rezerv\u0103ri \u0219i Tarife\" \/>\n<meta name=\"twitter:description\" content=\"Primul \u0219i singurul club swingers din Bucure\u0219ti.\" \/>\n<meta name=\"twitter:image\" content=\"https:\/\/attractionclub.ro\/images\/adresa.jpg\" \/>\n<meta name=\"twitter:site\" content=\"@attractionclub\" \/>\n<meta name=\"twitter:label1\" content=\"Est. reading time\" \/>\n\t<meta name=\"twitter:data1\" content=\"1 minute\" \/>\n<script type=\"application\/ld+json\" class=\"yoast-schema-graph\">{\"@context\":\"https:\\\/\\\/schema.org\",\"@graph\":[{\"@type\":\"WebPage\",\"@id\":\"https:\\\/\\\/club.attractionclub.ro\\\/rezervari-si-tarife\\\/\",\"url\":\"https:\\\/\\\/club.attractionclub.ro\\\/rezervari-si-tarife\\\/\",\"name\":\"Rezerv\u0103ri \u0219i Tarife\",\"isPartOf\":{\"@id\":\"https:\\\/\\\/club.attractionclub.ro\\\/#website\"},\"primaryImageOfPage\":{\"@id\":\"https:\\\/\\\/club.attractionclub.ro\\\/rezervari-si-tarife\\\/#primaryimage\"},\"image\":{\"@id\":\"https:\\\/\\\/club.attractionclub.ro\\\/rezervari-si-tarife\\\/#primaryimage\"},\"thumbnailUrl\":\"https:\\\/\\\/attractionclub.ro\\\/images\\\/adresa.jpg\",\"datePublished\":\"2013-04-25T07:49:26+00:00\",\"dateModified\":\"2025-07-10T08:14:56+00:00\",\"description\":\"Primul \u0219i singurul club swingers din Bucure\u0219ti.\",\"breadcrumb\":{\"@id\":\"https:\\\/\\\/club.attractionclub.ro\\\/rezervari-si-tarife\\\/#breadcrumb\"},\"inLanguage\":\"en-US\",\"potentialAction\":[{\"@type\":\"ReadAction\",\"target\":[\"https:\\\/\\\/club.attractionclub.ro\\\/rezervari-si-tarife\\\/\"]}]},{\"@type\":\"ImageObject\",\"inLanguage\":\"en-US\",\"@id\":\"https:\\\/\\\/club.attractionclub.ro\\\/rezervari-si-tarife\\\/#primaryimage\",\"url\":\"https:\\\/\\\/attractionclub.ro\\\/images\\\/adresa.jpg\",\"contentUrl\":\"https:\\\/\\\/attractionclub.ro\\\/images\\\/adresa.jpg\"},{\"@type\":\"BreadcrumbList\",\"@id\":\"https:\\\/\\\/club.attractionclub.ro\\\/rezervari-si-tarife\\\/#breadcrumb\",\"itemListElement\":[{\"@type\":\"ListItem\",\"position\":1,\"name\":\"Home\",\"item\":\"https:\\\/\\\/club.attractionclub.ro\\\/\"},{\"@type\":\"ListItem\",\"position\":2,\"name\":\"Rezerv\u0103ri \u0219i Tarife\"}]},{\"@type\":\"WebSite\",\"@id\":\"https:\\\/\\\/club.attractionclub.ro\\\/#website\",\"url\":\"https:\\\/\\\/club.attractionclub.ro\\\/\",\"name\":\"Attraction Club - Swingers Club\",\"description\":\"Via\u021ba merit\u0103 mai mult\u0103 pl\u0103cere!\",\"publisher\":{\"@id\":\"https:\\\/\\\/club.attractionclub.ro\\\/#organization\"},\"potentialAction\":[{\"@type\":\"SearchAction\",\"target\":{\"@type\":\"EntryPoint\",\"urlTemplate\":\"https:\\\/\\\/club.attractionclub.ro\\\/?s={search_term_string}\"},\"query-input\":{\"@type\":\"PropertyValueSpecification\",\"valueRequired\":true,\"valueName\":\"search_term_string\"}}],\"inLanguage\":\"en-US\"},{\"@type\":\"Organization\",\"@id\":\"https:\\\/\\\/club.attractionclub.ro\\\/#organization\",\"name\":\"Attraction Club\",\"url\":\"https:\\\/\\\/club.attractionclub.ro\\\/\",\"logo\":{\"@type\":\"ImageObject\",\"inLanguage\":\"en-US\",\"@id\":\"https:\\\/\\\/club.attractionclub.ro\\\/#\\\/schema\\\/logo\\\/image\\\/\",\"url\":\"https:\\\/\\\/club.attractionclub.ro\\\/wp-content\\\/uploads\\\/LOGO-FINAL-MARE-fara-motto.jpg\",\"contentUrl\":\"https:\\\/\\\/club.attractionclub.ro\\\/wp-content\\\/uploads\\\/LOGO-FINAL-MARE-fara-motto.jpg\",\"width\":1125,\"height\":837,\"caption\":\"Attraction Club\"},\"image\":{\"@id\":\"https:\\\/\\\/club.attractionclub.ro\\\/#\\\/schema\\\/logo\\\/image\\\/\"},\"sameAs\":[\"https:\\\/\\\/www.facebook.com\\\/attractionclub\",\"https:\\\/\\\/x.com\\\/attractionclub\"]}]}<\/script>\n<!-- \/ Yoast SEO plugin. -->","yoast_head_json":{"title":"Booking and prices","description":"Primul \u0219i singurul club swingers din Bucure\u0219ti.","robots":{"index":"noindex","follow":"follow"},"twitter_card":"summary_large_image","twitter_title":"Rezerv\u0103ri \u0219i Tarife","twitter_description":"Primul \u0219i singurul club swingers din Bucure\u0219ti.","twitter_image":"https:\/\/attractionclub.ro\/images\/adresa.jpg","twitter_site":"@attractionclub","twitter_misc":{"Est. reading time":"1 minute"},"schema":{"@context":"https:\/\/schema.org","@graph":[{"@type":"WebPage","@id":"https:\/\/club.attractionclub.ro\/rezervari-si-tarife\/","url":"https:\/\/club.attractionclub.ro\/rezervari-si-tarife\/","name":"Booking and prices","isPartOf":{"@id":"https:\/\/club.attractionclub.ro\/#website"},"primaryImageOfPage":{"@id":"https:\/\/club.attractionclub.ro\/rezervari-si-tarife\/#primaryimage"},"image":{"@id":"https:\/\/club.attractionclub.ro\/rezervari-si-tarife\/#primaryimage"},"thumbnailUrl":"https:\/\/attractionclub.ro\/images\/adresa.jpg","datePublished":"2013-04-25T07:49:26+00:00","dateModified":"2025-07-10T08:14:56+00:00","description":"Primul \u0219i singurul club swingers din Bucure\u0219ti.","breadcrumb":{"@id":"https:\/\/club.attractionclub.ro\/rezervari-si-tarife\/#breadcrumb"},"inLanguage":"en-US","potentialAction":[{"@type":"ReadAction","target":["https:\/\/club.attractionclub.ro\/rezervari-si-tarife\/"]}]},{"@type":"ImageObject","inLanguage":"en-US","@id":"https:\/\/club.attractionclub.ro\/rezervari-si-tarife\/#primaryimage","url":"https:\/\/attractionclub.ro\/images\/adresa.jpg","contentUrl":"https:\/\/attractionclub.ro\/images\/adresa.jpg"},{"@type":"BreadcrumbList","@id":"https:\/\/club.attractionclub.ro\/rezervari-si-tarife\/#breadcrumb","itemListElement":[{"@type":"ListItem","position":1,"name":"Home","item":"https:\/\/club.attractionclub.ro\/"},{"@type":"ListItem","position":2,"name":"Rezerv\u0103ri \u0219i Tarife"}]},{"@type":"WebSite","@id":"https:\/\/club.attractionclub.ro\/#website","url":"https:\/\/club.attractionclub.ro\/","name":"Attraction Club - Swingers Club","description":"Via\u021ba merit\u0103 mai mult\u0103 pl\u0103cere!","publisher":{"@id":"https:\/\/club.attractionclub.ro\/#organization"},"potentialAction":[{"@type":"SearchAction","target":{"@type":"EntryPoint","urlTemplate":"https:\/\/club.attractionclub.ro\/?s={search_term_string}"},"query-input":{"@type":"PropertyValueSpecification","valueRequired":true,"valueName":"search_term_string"}}],"inLanguage":"en-US"},{"@type":"Organization","@id":"https:\/\/club.attractionclub.ro\/#organization","name":"Attraction Club","url":"https:\/\/club.attractionclub.ro\/","logo":{"@type":"ImageObject","inLanguage":"en-US","@id":"https:\/\/club.attractionclub.ro\/#\/schema\/logo\/image\/","url":"https:\/\/club.attractionclub.ro\/wp-content\/uploads\/LOGO-FINAL-MARE-fara-motto.jpg","contentUrl":"https:\/\/club.attractionclub.ro\/wp-content\/uploads\/LOGO-FINAL-MARE-fara-motto.jpg","width":1125,"height":837,"caption":"Attraction Club"},"image":{"@id":"https:\/\/club.attractionclub.ro\/#\/schema\/logo\/image\/"},"sameAs":["https:\/\/www.facebook.com\/attractionclub","https:\/\/x.com\/attractionclub"]}]}},"_links":{"self":[{"href":"https:\/\/club.attractionclub.ro\/en\/wp-json\/wp\/v2\/pages\/35","targetHints":{"allow":["GET"]}}],"collection":[{"href":"https:\/\/club.attractionclub.ro\/en\/wp-json\/wp\/v2\/pages"}],"about":[{"href":"https:\/\/club.attractionclub.ro\/en\/wp-json\/wp\/v2\/types\/page"}],"author":[{"embeddable":true,"href":"https:\/\/club.attractionclub.ro\/en\/wp-json\/wp\/v2\/users\/1"}],"replies":[{"embeddable":true,"href":"https:\/\/club.attractionclub.ro\/en\/wp-json\/wp\/v2\/comments?post=35"}],"version-history":[{"count":5,"href":"https:\/\/club.attractionclub.ro\/en\/wp-json\/wp\/v2\/pages\/35\/revisions"}],"predecessor-version":[{"id":10292,"href":"https:\/\/club.attractionclub.ro\/en\/wp-json\/wp\/v2\/pages\/35\/revisions\/10292"}],"wp:attachment":[{"href":"https:\/\/club.attractionclub.ro\/en\/wp-json\/wp\/v2\/media?parent=35"}],"curies":[{"name":"wp","href":"https:\/\/api.w.org\/{rel}","templated":true}]}}