{"id":3721,"date":"2013-08-26T19:53:03","date_gmt":"2013-08-26T16:53:03","guid":{"rendered":"http:\/\/www.attractionclub.ro\/ro\/?page_id=3721"},"modified":"2026-03-17T17:59:07","modified_gmt":"2026-03-17T15:59:07","slug":"recenzii","status":"publish","type":"page","link":"https:\/\/club.attractionclub.ro\/en\/recenzii\/","title":{"rendered":"Reviews"},"content":{"rendered":"<p><img loading=\"lazy\" decoding=\"async\" class=\"aligncenter size-full wp-image-3729\" title=\"\" alt=\"\" src=\"https:\/\/club.attractionclub.ro\/wp-content\/uploads\/images.jpeg\" width=\"800\" height=\"328\" srcset=\"https:\/\/club.attractionclub.ro\/wp-content\/uploads\/images.jpeg 225w, https:\/\/club.attractionclub.ro\/wp-content\/uploads\/images-150x150.jpeg 150w, https:\/\/club.attractionclub.ro\/wp-content\/uploads\/images-12x12.jpeg 12w, https:\/\/club.attractionclub.ro\/wp-content\/uploads\/images-188x187.jpeg 188w\" sizes=\"auto, (max-width: 800px) 100vw, 800px\" \/><\/p>\n<hr>\n<div id=\"TA_rated10\" class=\"TA_rated\" style=\"float: right\">\n<ul id=\"gAZfEyyNQ\" class=\"TA_links zFAuogdG\">\n<li id=\"7fFMPMz\" class=\"SG2VQPT3FRG\">\n<img decoding=\"async\" src=\"https:\/\/www.tripadvisor.com\/img\/cdsi\/img2\/badges\/ollie-11424-2.gif\" alt=\"TripAdvisor\"\/>\n<\/li>\n<\/ul>\n<\/div>\n<p><script src=\"https:\/\/www.tripadvisor.com\/WidgetEmbed-rated?amp;locationId=7733341&amp;lang=en_US&amp;display_version=2&amp;uniq=10\"><\/script><br \/>\n<\/p>\n<h2 style=\"text-align: center;\"><span style=\"color: #00ccff;\"><strong><em>EXPERIEN\u0162A TA<\/em><\/strong> &#8211; Cum \u0163i-a schimbat Attraction Club via\u0163a?<\/span><\/h2>\n<h4 style=\"text-align: center;\"><span style=\"color: #00ccff;\">Experien\u0163e trimise de voi, cu ocazia anivers\u0103rii a 4 ani de Attraction Club<\/span><\/h4>\n<blockquote><p><img loading=\"lazy\" decoding=\"async\" class=\"alignleft size-thumbnail wp-image-4703\" alt=\"\" src=\"https:\/\/club.attractionclub.ro\/wp-content\/uploads\/pov1-150x150.jpg\" width=\"150\" height=\"150\" \/>Dragilor,<\/p>\n<p>Ma bucur nespus de mult pt prilejul pe care mi-l oferiti de a \u00eemp\u0103rt\u0103\u0219i momentele senza\u021bionale pe care le-am tr\u0103it intens in locatia voastr\u0103.<br \/>\nAm aflat despre locatie \u00eent\u00e2mplator de la un prieten care obisnuia sa viziteze asemenea loca\u021bii si in alte tari, al\u0103turi de partenera lui. Trebuie sa m\u0103rturisesc ca la \u00eenceput am fost ft re\u021binut in a-i propune partenerei mele o astfel de ie\u0219ire astfel ca am decis sa vizitez clubul singur pt a-mi forma o impresie. A fost in septembrie 2011, intr-o seara care a \u00eenceput cu multe emo\u021bii, pl\u0103cute desigur, cum n-am mai tr\u0103it de mult timp. Fiind din Cluj, am fost cazat la un hotel din Bucure\u0219ti. Am \u00eenceput sa ma preg\u0103tesc in seara aceea, aranjandu-ma intr-un mod cu totul special. Ajuns in club, m-am destins instantaneu datorit\u0103 atmosferei create\u00a0\u00a0\u00a0\u00a0 de voi gazdele, c\u00e2t si de participan\u021bi. Am \u00eent\u00e2lnit 2 cupluri cu care am socializat chiar dac\u0103 eram singur in local. M-a surprins deschiderea de care au dat dovada, fapt ce m-a f\u0103cut sa ma simt deosebit de bine. Dup\u0103 discu\u021bii in 5, eu, al\u0103turi de unul din cupluri am decis sa urcam la etaj. Nu au trecut mai mult de 10 min si ne-am reg\u0103sit to\u021bi 3 in acela\u0219i pat, uria\u0219 \u00eenc\u0103p\u0103tor numai bun pt jocurile \u0219i pozi\u021biile pe care le-am experimentat. Ne-am sim\u021bit cu to\u021bii excelent, ca si cum ne-am fi cunoscut de mult timp. Nici nu mi-am dat seama c\u00e2nd, dinte-o data am sim\u021bit o m\u00e2ng\u00e2iere pe fese din partea domni\u0219oarei din cel\u0103lalt cuplu. Atunci am realizat ce senza\u021bional poate sa fie. Au fost vreo 5-6 ore pline de provoc\u0103ri, experiente, flirturi \u0219i senzatii pe care nu ai cum sa le tr\u0103ie\u0219ti in alta parte.<br \/>\nCu prima ocazie, dup\u0103 c\u00e2teva luni, am vizitat clubul al\u0103turi de partenera mea care a fost foarte incantata de atmosfera. Participarea \u00eempreuna cu ea ne-a ajutat sa dep\u0103\u0219im monotonia si sa promovam intr-o noua etapa a vie\u021bii noastre de cuplu. Ne-am dat seama c\u00e2t de important\u0103 este deschiderea oamenilor, a cuplurilor in acest club care ofer\u0103 exact mediul de care avem nevoie pentru a ne sim\u021bi mai bine ca oriunde si oric\u00e2nd.<br \/>\nSuntem ft ner\u0103bd\u0103tori sa revenim la voi pt a cunoa\u0219te oameni, cupluri noi si de ce nu pt a re\u00eent\u00e2lni pe cei pe care deja i-am cunoscut.<br \/>\nVa felicitam si va uram sa ave\u021bi puterea si entuziasmul de a continua aceasta poveste frumoasa.<br \/>\nCu mult drag,<br \/>\nIrina&amp;Alex<\/p><\/blockquote>\n<blockquote><p><img loading=\"lazy\" decoding=\"async\" class=\"alignleft size-thumbnail wp-image-4712\" alt=\"pov2\" src=\"https:\/\/club.attractionclub.ro\/wp-content\/uploads\/pov2-150x150.jpg\" width=\"150\" height=\"150\" \/>Buna seara!<\/p>\n<p>Cred ca una dintre cele mai placute experiente pe care le-am avut in Attraction Club, a fost cu un cuplu de cetateni americani, el alb, ea mulatra. El era scund si putin plinut, ea era perfecta. Piele ciocolatie, catifelata, 1,70 si ceva, super frumusica si foarte timida. A fost un threesome care s-a terminat cu un orgasm demential din partea ei (mai concret, se auzea in tot clubul cum tipa).Pe langa faptul ca a fost o partida reusita, mi-am indeplinit o dorinta greu de realizat in Romania: sex cu tipa mulatra si super frumoasa. Au mai fost si alte experiente placute, dar aceasta a fost sublima.<\/p>\n<p>Din partea mea, nota 10 pentru Attraction ca exista:)<\/p>\n<p>&nbsp;<\/p>\n<p>Numai bine!<br \/>\nHotmale<\/p><\/blockquote>\n<blockquote><p><img loading=\"lazy\" decoding=\"async\" class=\"alignleft size-thumbnail wp-image-4721\" alt=\"pov3\" src=\"https:\/\/club.attractionclub.ro\/wp-content\/uploads\/pov3-150x150.jpg\" width=\"150\" height=\"150\" \/><br \/>\nHey there \ud83d\ude42<\/p>\n<p>We are very happy to understand that our favourite club will turn 4 years.<br \/>\nWe wish you much more and to keep your values \ud83d\ude42 Do not change.<br \/>\nWe are a young couple from Bulgaria, which visited your club for first time earlier this year.<br \/>\nWe have been amazed by everything you did and the good atmosphere.<br \/>\nWe loved your staff and all the rooms and places for intimacy.<br \/>\nWe went upstairs and joined a massive orgy on the big bed which is on the left.<br \/>\nIt made me so hard that all the 3 men, except me, on the bed loved my girl&#8217;s tits and didnt stop touching.<br \/>\nThe best thing to do is to see the pure human sexual desire in their eyes.<br \/>\nWe fucked infront of everyone as also she had some hot moment with one of the girls.<br \/>\nIt is an experience that we will never forget and hope to visit you soon again.<br \/>\nBest Regards<\/p>\n<p>H and M<\/p>\n<p>P.S &#8211; Please organise more parties with Afro &#8211; American men. \ud83d\ude42 \ud83d\ude42 \ud83d\ude42<\/p><\/blockquote>\n<hr>\n<blockquote><p>Buna. Foarte dragut la voi. Ar fi mult mai bine daca si lumea ar fi ceva mai relaxata. Nu inteleg de ce oamenii sunt de multe ori asa timizi in prima parte, iar dupa ce urca la etaj, sa faca sex, parca nu- recunosti. Aproape ca e mai usor sa propui unui cuplu sa faca un schimb la etaj decat sa-l abordezi jos, sa stai de vorba.<br \/>\nElena si Mihai, Bucuresti<\/p><\/blockquote>\n<blockquote><p>I am also curious, how did you convince your English bartender to work in a swing club in Romania. The man is very ok, the club has a lot of class.<br \/>\nNick, Brasov<\/p><\/blockquote>\n<blockquote><p>Well done for banning smoking upstairs!!!! We have been waiting for a year for you to make this decision. It's much better now.<br \/>\nMichael<\/p><\/blockquote>\n<blockquote><p>Great atmosphere guys in the club! We have visited tens of swingers club in whole Europe, and trust us, this place and the people \u2013 most of them, are great!<br \/>\nKatariina and S\u00f8ren<\/p><\/blockquote>\n<blockquote><p>We are a couple from Constanta. We come to you almost twice a month in Bucharest, sometimes on Wednesdays, sometimes on weekends. It's worth all the effort.<br \/>\nThe_swingers<\/p><\/blockquote>\n<blockquote><p>Dear Attraction, maybe you can think about a day only for young people up to 35... I saw that you have quite a plenty young clients.<br \/>\nCip.<\/p><\/blockquote>\n<blockquote><p>Salutare. Asta nu e o reclamatie, vroiam doar sa va spunem ca de multe ori e \u00eenghesuial\u0103 \u015fi abia mai prindem \u015fi noi un loc s\u0103 ne-o tragem. Tre sa stam la coad\u0103 la swing\u2026<br \/>\nCe s-a \u00eent\u00e2mplat cu b\u0103rba\u0163ii singuri? Am fost vineri seara la voi \u00een club \u015fi au fost doar 2 tipi singuri toat\u0103 noaptea. De multe ori ne sunt foarte utili, mai ales in serile cand vin multi domni straini \ud83d\ude09<br \/>\nAlma \u015fi Costin<\/p><\/blockquote>\n<blockquote><p>You made us happy! Any couple who came to your club and had the chance to meet compatible people with whom to exchange, knows what we mean. It's very hard to find someone outside of a swing club. We have wasted our energy for years trying to set up meetings on the Internet, or with couples who advertised in newspapers. It was always so embarrassing at these meetings. We have never met someone to whom we feel attracted. The hardest part was when we had to refuse, to tell them that we were not interested. In the club it's completely different, you can easily refuse anyone, people don't get upset, everyone knows that they can be accepted or refused. You don't have that pressure on your head anymore, sir, how do I get rid of them.... The only effort we make is to get ready to come to the club, hygiene, clothes, etc., the rest, once you arrive, everything is set up . We only focus on people, whom to approach, drink, dance, etc. If we find someone, we go upstairs, we don't have to stress about where to go, which hotel, how much it will cost, etc. congratulations on the 3 years!<\/p><\/blockquote>\n<p style=\"text-align: right;\"><span style=\"color: #808080;\">A\u015ftept\u0103m \u015fi p\u0103rerile tale despre Attraction Club, la adresa <a href=\"mailto:impresii@attractionclub.ro\"><span style=\"color: #808080;\">impresii@attractionclub.ro<\/span><\/a>.<\/span><\/p>\n<p><span style=\"font-size: 14.3999996185303px;\">\u00a0<\/span><\/p>","protected":false},"excerpt":{"rendered":"<p>EXPERIEN\u0162A TA &#8211; Cum \u0163i-a schimbat Attraction Club via\u0163a? Experien\u0163e trimise de voi, cu ocazia anivers\u0103rii a 4 ani de Attraction Club Dragilor, Ma bucur nespus de mult pt prilejul pe care mi-l oferiti de a \u00eemp\u0103rt\u0103\u0219i momentele senza\u021bionale pe care le-am tr\u0103it intens in locatia voastr\u0103. Am aflat despre locatie \u00eent\u00e2mplator de la un<\/p>","protected":false},"author":1,"featured_media":0,"parent":0,"menu_order":0,"comment_status":"closed","ping_status":"closed","template":"","meta":{"footnotes":""},"class_list":["post-3721","page","type-page","status-publish","hentry"],"yoast_head":"<!-- This site is optimized with the Yoast SEO plugin v27.4 - https:\/\/yoast.com\/product\/yoast-seo-wordpress\/ -->\n<title>Recenzii - Attraction Club - Swingers Club<\/title>\n<meta name=\"robots\" content=\"index, follow, max-snippet:-1, max-image-preview:large, max-video-preview:-1\" \/>\n<link rel=\"canonical\" href=\"https:\/\/club.attractionclub.ro\/en\/recenzii\/\" \/>\n<meta name=\"twitter:card\" content=\"summary_large_image\" \/>\n<meta name=\"twitter:title\" content=\"Recenzii - Attraction Club - Swingers Club\" \/>\n<meta name=\"twitter:description\" content=\"EXPERIEN\u0162A TA &#8211; Cum \u0163i-a schimbat Attraction Club via\u0163a? Experien\u0163e trimise de voi, cu ocazia anivers\u0103rii a 4 ani de Attraction Club Dragilor, Ma bucur nespus de mult pt prilejul pe care mi-l oferiti de a \u00eemp\u0103rt\u0103\u0219i momentele senza\u021bionale pe care le-am tr\u0103it intens in locatia voastr\u0103. Am aflat despre locatie \u00eent\u00e2mplator de la un\" \/>\n<meta name=\"twitter:image\" content=\"https:\/\/club.attractionclub.ro\/wp-content\/uploads\/AFIS-AVERTISMENT.jpg\" \/>\n<meta name=\"twitter:site\" content=\"@attractionclub\" \/>\n<meta name=\"twitter:label1\" content=\"Est. reading time\" \/>\n\t<meta name=\"twitter:data1\" content=\"9 minutes\" \/>\n<script type=\"application\/ld+json\" class=\"yoast-schema-graph\">{\"@context\":\"https:\\\/\\\/schema.org\",\"@graph\":[{\"@type\":\"WebPage\",\"@id\":\"https:\\\/\\\/club.attractionclub.ro\\\/recenzii\\\/\",\"url\":\"https:\\\/\\\/club.attractionclub.ro\\\/recenzii\\\/\",\"name\":\"Recenzii - Attraction Club - Swingers Club\",\"isPartOf\":{\"@id\":\"https:\\\/\\\/club.attractionclub.ro\\\/#website\"},\"primaryImageOfPage\":{\"@id\":\"https:\\\/\\\/club.attractionclub.ro\\\/recenzii\\\/#primaryimage\"},\"image\":{\"@id\":\"https:\\\/\\\/club.attractionclub.ro\\\/recenzii\\\/#primaryimage\"},\"thumbnailUrl\":\"https:\\\/\\\/club.attractionclub.ro\\\/wp-content\\\/uploads\\\/AFIS-AVERTISMENT.jpg\",\"datePublished\":\"2013-08-26T16:53:03+00:00\",\"dateModified\":\"2026-03-17T15:59:07+00:00\",\"breadcrumb\":{\"@id\":\"https:\\\/\\\/club.attractionclub.ro\\\/recenzii\\\/#breadcrumb\"},\"inLanguage\":\"en-US\",\"potentialAction\":[{\"@type\":\"ReadAction\",\"target\":[\"https:\\\/\\\/club.attractionclub.ro\\\/recenzii\\\/\"]}]},{\"@type\":\"ImageObject\",\"inLanguage\":\"en-US\",\"@id\":\"https:\\\/\\\/club.attractionclub.ro\\\/recenzii\\\/#primaryimage\",\"url\":\"https:\\\/\\\/club.attractionclub.ro\\\/wp-content\\\/uploads\\\/AFIS-AVERTISMENT.jpg\",\"contentUrl\":\"https:\\\/\\\/club.attractionclub.ro\\\/wp-content\\\/uploads\\\/AFIS-AVERTISMENT.jpg\"},{\"@type\":\"BreadcrumbList\",\"@id\":\"https:\\\/\\\/club.attractionclub.ro\\\/recenzii\\\/#breadcrumb\",\"itemListElement\":[{\"@type\":\"ListItem\",\"position\":1,\"name\":\"Home\",\"item\":\"https:\\\/\\\/club.attractionclub.ro\\\/\"},{\"@type\":\"ListItem\",\"position\":2,\"name\":\"Recenzii\"}]},{\"@type\":\"WebSite\",\"@id\":\"https:\\\/\\\/club.attractionclub.ro\\\/#website\",\"url\":\"https:\\\/\\\/club.attractionclub.ro\\\/\",\"name\":\"Attraction Club - Swingers Club\",\"description\":\"Via\u021ba merit\u0103 mai mult\u0103 pl\u0103cere!\",\"publisher\":{\"@id\":\"https:\\\/\\\/club.attractionclub.ro\\\/#organization\"},\"potentialAction\":[{\"@type\":\"SearchAction\",\"target\":{\"@type\":\"EntryPoint\",\"urlTemplate\":\"https:\\\/\\\/club.attractionclub.ro\\\/?s={search_term_string}\"},\"query-input\":{\"@type\":\"PropertyValueSpecification\",\"valueRequired\":true,\"valueName\":\"search_term_string\"}}],\"inLanguage\":\"en-US\"},{\"@type\":\"Organization\",\"@id\":\"https:\\\/\\\/club.attractionclub.ro\\\/#organization\",\"name\":\"Attraction Club\",\"url\":\"https:\\\/\\\/club.attractionclub.ro\\\/\",\"logo\":{\"@type\":\"ImageObject\",\"inLanguage\":\"en-US\",\"@id\":\"https:\\\/\\\/club.attractionclub.ro\\\/#\\\/schema\\\/logo\\\/image\\\/\",\"url\":\"https:\\\/\\\/club.attractionclub.ro\\\/wp-content\\\/uploads\\\/LOGO-FINAL-MARE-fara-motto.jpg\",\"contentUrl\":\"https:\\\/\\\/club.attractionclub.ro\\\/wp-content\\\/uploads\\\/LOGO-FINAL-MARE-fara-motto.jpg\",\"width\":1125,\"height\":837,\"caption\":\"Attraction Club\"},\"image\":{\"@id\":\"https:\\\/\\\/club.attractionclub.ro\\\/#\\\/schema\\\/logo\\\/image\\\/\"},\"sameAs\":[\"https:\\\/\\\/www.facebook.com\\\/attractionclub\",\"https:\\\/\\\/x.com\\\/attractionclub\"]}]}<\/script>\n<!-- \/ Yoast SEO plugin. -->","yoast_head_json":{"title":"Recenzii - Attraction Club - Swingers Club","robots":{"index":"index","follow":"follow","max-snippet":"max-snippet:-1","max-image-preview":"max-image-preview:large","max-video-preview":"max-video-preview:-1"},"canonical":"https:\/\/club.attractionclub.ro\/en\/recenzii\/","twitter_card":"summary_large_image","twitter_title":"Recenzii - Attraction Club - Swingers Club","twitter_description":"EXPERIEN\u0162A TA &#8211; Cum \u0163i-a schimbat Attraction Club via\u0163a? Experien\u0163e trimise de voi, cu ocazia anivers\u0103rii a 4 ani de Attraction Club Dragilor, Ma bucur nespus de mult pt prilejul pe care mi-l oferiti de a \u00eemp\u0103rt\u0103\u0219i momentele senza\u021bionale pe care le-am tr\u0103it intens in locatia voastr\u0103. Am aflat despre locatie \u00eent\u00e2mplator de la un","twitter_image":"https:\/\/club.attractionclub.ro\/wp-content\/uploads\/AFIS-AVERTISMENT.jpg","twitter_site":"@attractionclub","twitter_misc":{"Est. reading time":"9 minutes"},"schema":{"@context":"https:\/\/schema.org","@graph":[{"@type":"WebPage","@id":"https:\/\/club.attractionclub.ro\/recenzii\/","url":"https:\/\/club.attractionclub.ro\/recenzii\/","name":"Recenzii - Attraction Club - Swingers Club","isPartOf":{"@id":"https:\/\/club.attractionclub.ro\/#website"},"primaryImageOfPage":{"@id":"https:\/\/club.attractionclub.ro\/recenzii\/#primaryimage"},"image":{"@id":"https:\/\/club.attractionclub.ro\/recenzii\/#primaryimage"},"thumbnailUrl":"https:\/\/club.attractionclub.ro\/wp-content\/uploads\/AFIS-AVERTISMENT.jpg","datePublished":"2013-08-26T16:53:03+00:00","dateModified":"2026-03-17T15:59:07+00:00","breadcrumb":{"@id":"https:\/\/club.attractionclub.ro\/recenzii\/#breadcrumb"},"inLanguage":"en-US","potentialAction":[{"@type":"ReadAction","target":["https:\/\/club.attractionclub.ro\/recenzii\/"]}]},{"@type":"ImageObject","inLanguage":"en-US","@id":"https:\/\/club.attractionclub.ro\/recenzii\/#primaryimage","url":"https:\/\/club.attractionclub.ro\/wp-content\/uploads\/AFIS-AVERTISMENT.jpg","contentUrl":"https:\/\/club.attractionclub.ro\/wp-content\/uploads\/AFIS-AVERTISMENT.jpg"},{"@type":"BreadcrumbList","@id":"https:\/\/club.attractionclub.ro\/recenzii\/#breadcrumb","itemListElement":[{"@type":"ListItem","position":1,"name":"Home","item":"https:\/\/club.attractionclub.ro\/"},{"@type":"ListItem","position":2,"name":"Recenzii"}]},{"@type":"WebSite","@id":"https:\/\/club.attractionclub.ro\/#website","url":"https:\/\/club.attractionclub.ro\/","name":"Attraction Club - Swingers Club","description":"Via\u021ba merit\u0103 mai mult\u0103 pl\u0103cere!","publisher":{"@id":"https:\/\/club.attractionclub.ro\/#organization"},"potentialAction":[{"@type":"SearchAction","target":{"@type":"EntryPoint","urlTemplate":"https:\/\/club.attractionclub.ro\/?s={search_term_string}"},"query-input":{"@type":"PropertyValueSpecification","valueRequired":true,"valueName":"search_term_string"}}],"inLanguage":"en-US"},{"@type":"Organization","@id":"https:\/\/club.attractionclub.ro\/#organization","name":"Attraction Club","url":"https:\/\/club.attractionclub.ro\/","logo":{"@type":"ImageObject","inLanguage":"en-US","@id":"https:\/\/club.attractionclub.ro\/#\/schema\/logo\/image\/","url":"https:\/\/club.attractionclub.ro\/wp-content\/uploads\/LOGO-FINAL-MARE-fara-motto.jpg","contentUrl":"https:\/\/club.attractionclub.ro\/wp-content\/uploads\/LOGO-FINAL-MARE-fara-motto.jpg","width":1125,"height":837,"caption":"Attraction Club"},"image":{"@id":"https:\/\/club.attractionclub.ro\/#\/schema\/logo\/image\/"},"sameAs":["https:\/\/www.facebook.com\/attractionclub","https:\/\/x.com\/attractionclub"]}]}},"_links":{"self":[{"href":"https:\/\/club.attractionclub.ro\/en\/wp-json\/wp\/v2\/pages\/3721","targetHints":{"allow":["GET"]}}],"collection":[{"href":"https:\/\/club.attractionclub.ro\/en\/wp-json\/wp\/v2\/pages"}],"about":[{"href":"https:\/\/club.attractionclub.ro\/en\/wp-json\/wp\/v2\/types\/page"}],"author":[{"embeddable":true,"href":"https:\/\/club.attractionclub.ro\/en\/wp-json\/wp\/v2\/users\/1"}],"replies":[{"embeddable":true,"href":"https:\/\/club.attractionclub.ro\/en\/wp-json\/wp\/v2\/comments?post=3721"}],"version-history":[{"count":5,"href":"https:\/\/club.attractionclub.ro\/en\/wp-json\/wp\/v2\/pages\/3721\/revisions"}],"predecessor-version":[{"id":10544,"href":"https:\/\/club.attractionclub.ro\/en\/wp-json\/wp\/v2\/pages\/3721\/revisions\/10544"}],"wp:attachment":[{"href":"https:\/\/club.attractionclub.ro\/en\/wp-json\/wp\/v2\/media?parent=3721"}],"curies":[{"name":"wp","href":"https:\/\/api.w.org\/{rel}","templated":true}]}}