{"id":46,"date":"2010-07-22T08:05:32","date_gmt":"2010-07-22T08:05:32","guid":{"rendered":"http:\/\/www.attractionclub.ro\/"},"modified":"2025-06-16T10:29:37","modified_gmt":"2025-06-16T07:29:37","slug":"album","status":"publish","type":"page","link":"https:\/\/club.attractionclub.ro\/en\/album\/","title":{"rendered":"Gallery"},"content":{"rendered":"<p>tesdghfghfghfghfghfghfghfghfgfghfght<\/p>\n\n<div style=\"; ; ; ; --blend-mode:multiply; --text-blend-mode:normal; \">\n<figure class=\"wp-block-gallery columns-3 is-cropped wp-block-gallery-2 is-layout-flex wp-block-gallery-is-layout-flex\"><ul class=\"blocks-gallery-grid\"><li class=\"blocks-gallery-item\"><figure><img loading=\"lazy\" decoding=\"async\" width=\"842\" height=\"561\" src=\"https:\/\/club.attractionclub.ro\/wp-content\/uploads\/1-1.jpg\" alt=\"\" data-id=\"7493\" data-link=\"https:\/\/club.attractionclub.ro\/album\/1-1\/\" class=\"wp-image-7493\"\/><\/figure><\/li><li class=\"blocks-gallery-item\"><figure><img loading=\"lazy\" decoding=\"async\" width=\"450\" height=\"420\" src=\"https:\/\/club.attractionclub.ro\/wp-content\/uploads\/2.jpg\" alt=\"\" data-id=\"7494\" data-link=\"https:\/\/club.attractionclub.ro\/album\/attachment\/2\/\" class=\"wp-image-7494\"\/><\/figure><\/li><li class=\"blocks-gallery-item\"><figure><img loading=\"lazy\" decoding=\"async\" width=\"450\" height=\"420\" src=\"https:\/\/club.attractionclub.ro\/wp-content\/uploads\/3.jpg\" alt=\"\" data-id=\"7495\" data-link=\"https:\/\/club.attractionclub.ro\/album\/attachment\/3\/\" class=\"wp-image-7495\"\/><\/figure><\/li><li class=\"blocks-gallery-item\"><figure><img loading=\"lazy\" decoding=\"async\" width=\"450\" height=\"420\" src=\"https:\/\/club.attractionclub.ro\/wp-content\/uploads\/4.jpg\" alt=\"\" data-id=\"7496\" data-link=\"https:\/\/club.attractionclub.ro\/album\/attachment\/4\/\" class=\"wp-image-7496\"\/><\/figure><\/li><li class=\"blocks-gallery-item\"><figure><img loading=\"lazy\" decoding=\"async\" width=\"5911\" height=\"3941\" src=\"https:\/\/club.attractionclub.ro\/wp-content\/uploads\/5.jpg\" alt=\"\" data-id=\"7497\" data-link=\"https:\/\/club.attractionclub.ro\/album\/attachment\/5\/\" class=\"wp-image-7497\"\/><\/figure><\/li><li class=\"blocks-gallery-item\"><figure><img loading=\"lazy\" decoding=\"async\" width=\"450\" height=\"420\" src=\"https:\/\/club.attractionclub.ro\/wp-content\/uploads\/6.jpg\" alt=\"\" data-id=\"7498\" data-link=\"https:\/\/club.attractionclub.ro\/album\/attachment\/6\/\" class=\"wp-image-7498\"\/><\/figure><\/li><li class=\"blocks-gallery-item\"><figure><img loading=\"lazy\" decoding=\"async\" width=\"5469\" height=\"3646\" src=\"https:\/\/club.attractionclub.ro\/wp-content\/uploads\/7.jpg\" alt=\"\" data-id=\"7499\" data-link=\"https:\/\/club.attractionclub.ro\/album\/attachment\/7\/\" class=\"wp-image-7499\"\/><\/figure><\/li><li class=\"blocks-gallery-item\"><figure><img loading=\"lazy\" decoding=\"async\" width=\"450\" height=\"420\" src=\"https:\/\/club.attractionclub.ro\/wp-content\/uploads\/8.jpg\" alt=\"\" data-id=\"7500\" data-link=\"https:\/\/club.attractionclub.ro\/album\/attachment\/8\/\" class=\"wp-image-7500\"\/><\/figure><\/li><li class=\"blocks-gallery-item\"><figure><img loading=\"lazy\" decoding=\"async\" width=\"5634\" height=\"3756\" src=\"https:\/\/club.attractionclub.ro\/wp-content\/uploads\/9.jpg\" alt=\"\" data-id=\"7501\" data-link=\"https:\/\/club.attractionclub.ro\/album\/attachment\/9\/\" class=\"wp-image-7501\"\/><\/figure><\/li><li class=\"blocks-gallery-item\"><figure><img loading=\"lazy\" decoding=\"async\" width=\"450\" height=\"420\" src=\"https:\/\/club.attractionclub.ro\/wp-content\/uploads\/10.jpg\" alt=\"\" data-id=\"7502\" data-link=\"https:\/\/club.attractionclub.ro\/album\/attachment\/10\/\" class=\"wp-image-7502\"\/><\/figure><\/li><li class=\"blocks-gallery-item\"><figure><img loading=\"lazy\" decoding=\"async\" width=\"4854\" height=\"3028\" src=\"https:\/\/club.attractionclub.ro\/wp-content\/uploads\/11.jpg\" alt=\"\" data-id=\"7503\" data-link=\"https:\/\/club.attractionclub.ro\/album\/attachment\/11\/\" class=\"wp-image-7503\"\/><\/figure><\/li><li class=\"blocks-gallery-item\"><figure><img loading=\"lazy\" decoding=\"async\" width=\"450\" height=\"420\" src=\"https:\/\/club.attractionclub.ro\/wp-content\/uploads\/12.jpg\" alt=\"\" data-id=\"7504\" data-link=\"https:\/\/club.attractionclub.ro\/album\/attachment\/12\/\" class=\"wp-image-7504\"\/><\/figure><\/li><li class=\"blocks-gallery-item\"><figure><img loading=\"lazy\" decoding=\"async\" width=\"4476\" height=\"2984\" src=\"https:\/\/club.attractionclub.ro\/wp-content\/uploads\/13.jpg\" alt=\"\" data-id=\"7505\" data-link=\"https:\/\/club.attractionclub.ro\/album\/attachment\/13\/\" class=\"wp-image-7505\"\/><\/figure><\/li><li class=\"blocks-gallery-item\"><figure><img loading=\"lazy\" decoding=\"async\" width=\"450\" height=\"420\" src=\"https:\/\/club.attractionclub.ro\/wp-content\/uploads\/14.jpg\" alt=\"\" data-id=\"7506\" data-link=\"https:\/\/club.attractionclub.ro\/album\/attachment\/14\/\" class=\"wp-image-7506\"\/><\/figure><\/li><li class=\"blocks-gallery-item\"><figure><img loading=\"lazy\" decoding=\"async\" width=\"3275\" height=\"4912\" src=\"https:\/\/club.attractionclub.ro\/wp-content\/uploads\/15.jpg\" alt=\"\" data-id=\"7507\" data-link=\"https:\/\/club.attractionclub.ro\/album\/attachment\/15\/\" class=\"wp-image-7507\"\/><\/figure><\/li><li class=\"blocks-gallery-item\"><figure><img loading=\"lazy\" decoding=\"async\" width=\"450\" height=\"420\" src=\"https:\/\/club.attractionclub.ro\/wp-content\/uploads\/16.jpg\" alt=\"\" data-id=\"7508\" data-link=\"https:\/\/club.attractionclub.ro\/album\/attachment\/16\/\" class=\"wp-image-7508\"\/><\/figure><\/li><li class=\"blocks-gallery-item\"><figure><img loading=\"lazy\" decoding=\"async\" width=\"4978\" height=\"3484\" src=\"https:\/\/club.attractionclub.ro\/wp-content\/uploads\/17.jpg\" alt=\"\" data-id=\"7509\" data-link=\"https:\/\/club.attractionclub.ro\/album\/attachment\/17\/\" class=\"wp-image-7509\"\/><\/figure><\/li><li class=\"blocks-gallery-item\"><figure><img decoding=\"async\" src=\"blob:https:\/\/club.attractionclub.ro\/8a8f12e2-b3d3-453c-ac76-60a0d801bd2c\" data-id=\"\"\/><\/figure><\/li><li class=\"blocks-gallery-item\"><figure><img decoding=\"async\" src=\"blob:https:\/\/club.attractionclub.ro\/bbcc3c8e-2d61-43cd-a278-b494eb0a682d\" data-id=\"\"\/><\/figure><\/li><li class=\"blocks-gallery-item\"><figure><img decoding=\"async\" src=\"blob:https:\/\/club.attractionclub.ro\/e7c28be6-433b-4b13-bbec-d31902c32ee3\" data-id=\"\"\/><\/figure><\/li><li class=\"blocks-gallery-item\"><figure><img decoding=\"async\" src=\"blob:https:\/\/club.attractionclub.ro\/321973fe-00cb-4790-8e29-2ff202e88e08\" data-id=\"\"\/><\/figure><\/li><li class=\"blocks-gallery-item\"><figure><img decoding=\"async\" src=\"blob:https:\/\/club.attractionclub.ro\/d0441f03-4655-441f-ba11-64adf34bbdd3\" data-id=\"\"\/><\/figure><\/li><li class=\"blocks-gallery-item\"><figure><img decoding=\"async\" src=\"blob:https:\/\/club.attractionclub.ro\/773b98e7-af74-4c89-a06d-e8a106e65f91\" data-id=\"\"\/><\/figure><\/li><\/ul><\/figure>\n<\/div>","protected":false},"excerpt":{"rendered":"<p>tesdghfghfghfghfghfghfghfghfgfghfght<\/p>","protected":false},"author":1,"featured_media":0,"parent":0,"menu_order":0,"comment_status":"closed","ping_status":"closed","template":"","meta":{"footnotes":""},"class_list":["post-46","page","type-page","status-publish","hentry"],"yoast_head":"<!-- This site is optimized with the Yoast SEO plugin v27.3 - https:\/\/yoast.com\/product\/yoast-seo-wordpress\/ -->\n<title>Galerie - Attraction Club - Swingers Club<\/title>\n<meta name=\"robots\" content=\"index, follow, max-snippet:-1, max-image-preview:large, max-video-preview:-1\" \/>\n<link rel=\"canonical\" href=\"https:\/\/club.attractionclub.ro\/en\/album\/\" \/>\n<meta name=\"twitter:card\" content=\"summary_large_image\" \/>\n<meta name=\"twitter:title\" content=\"Galerie - Attraction Club - Swingers Club\" \/>\n<meta name=\"twitter:description\" content=\"tesdghfghfghfghfghfghfghfghfgfghfght\" \/>\n<meta name=\"twitter:image\" content=\"https:\/\/club.attractionclub.ro\/wp-content\/uploads\/1-1.jpg\" \/>\n<meta name=\"twitter:site\" content=\"@attractionclub\" \/>\n<script type=\"application\/ld+json\" class=\"yoast-schema-graph\">{\"@context\":\"https:\\\/\\\/schema.org\",\"@graph\":[{\"@type\":\"WebPage\",\"@id\":\"https:\\\/\\\/club.attractionclub.ro\\\/album\\\/\",\"url\":\"https:\\\/\\\/club.attractionclub.ro\\\/album\\\/\",\"name\":\"Galerie - Attraction Club - Swingers Club\",\"isPartOf\":{\"@id\":\"https:\\\/\\\/club.attractionclub.ro\\\/#website\"},\"primaryImageOfPage\":{\"@id\":\"https:\\\/\\\/club.attractionclub.ro\\\/album\\\/#primaryimage\"},\"image\":{\"@id\":\"https:\\\/\\\/club.attractionclub.ro\\\/album\\\/#primaryimage\"},\"thumbnailUrl\":\"https:\\\/\\\/club.attractionclub.ro\\\/wp-content\\\/uploads\\\/1-1.jpg\",\"datePublished\":\"2010-07-22T08:05:32+00:00\",\"dateModified\":\"2025-06-16T07:29:37+00:00\",\"breadcrumb\":{\"@id\":\"https:\\\/\\\/club.attractionclub.ro\\\/album\\\/#breadcrumb\"},\"inLanguage\":\"en-US\",\"potentialAction\":[{\"@type\":\"ReadAction\",\"target\":[\"https:\\\/\\\/club.attractionclub.ro\\\/album\\\/\"]}]},{\"@type\":\"ImageObject\",\"inLanguage\":\"en-US\",\"@id\":\"https:\\\/\\\/club.attractionclub.ro\\\/album\\\/#primaryimage\",\"url\":\"https:\\\/\\\/club.attractionclub.ro\\\/wp-content\\\/uploads\\\/1-1.jpg\",\"contentUrl\":\"https:\\\/\\\/club.attractionclub.ro\\\/wp-content\\\/uploads\\\/1-1.jpg\"},{\"@type\":\"BreadcrumbList\",\"@id\":\"https:\\\/\\\/club.attractionclub.ro\\\/album\\\/#breadcrumb\",\"itemListElement\":[{\"@type\":\"ListItem\",\"position\":1,\"name\":\"Home\",\"item\":\"https:\\\/\\\/club.attractionclub.ro\\\/\"},{\"@type\":\"ListItem\",\"position\":2,\"name\":\"Galerie\"}]},{\"@type\":\"WebSite\",\"@id\":\"https:\\\/\\\/club.attractionclub.ro\\\/#website\",\"url\":\"https:\\\/\\\/club.attractionclub.ro\\\/\",\"name\":\"Attraction Club - Swingers Club\",\"description\":\"Via\u021ba merit\u0103 mai mult\u0103 pl\u0103cere!\",\"publisher\":{\"@id\":\"https:\\\/\\\/club.attractionclub.ro\\\/#organization\"},\"potentialAction\":[{\"@type\":\"SearchAction\",\"target\":{\"@type\":\"EntryPoint\",\"urlTemplate\":\"https:\\\/\\\/club.attractionclub.ro\\\/?s={search_term_string}\"},\"query-input\":{\"@type\":\"PropertyValueSpecification\",\"valueRequired\":true,\"valueName\":\"search_term_string\"}}],\"inLanguage\":\"en-US\"},{\"@type\":\"Organization\",\"@id\":\"https:\\\/\\\/club.attractionclub.ro\\\/#organization\",\"name\":\"Attraction Club\",\"url\":\"https:\\\/\\\/club.attractionclub.ro\\\/\",\"logo\":{\"@type\":\"ImageObject\",\"inLanguage\":\"en-US\",\"@id\":\"https:\\\/\\\/club.attractionclub.ro\\\/#\\\/schema\\\/logo\\\/image\\\/\",\"url\":\"https:\\\/\\\/club.attractionclub.ro\\\/wp-content\\\/uploads\\\/LOGO-FINAL-MARE-fara-motto.jpg\",\"contentUrl\":\"https:\\\/\\\/club.attractionclub.ro\\\/wp-content\\\/uploads\\\/LOGO-FINAL-MARE-fara-motto.jpg\",\"width\":1125,\"height\":837,\"caption\":\"Attraction Club\"},\"image\":{\"@id\":\"https:\\\/\\\/club.attractionclub.ro\\\/#\\\/schema\\\/logo\\\/image\\\/\"},\"sameAs\":[\"https:\\\/\\\/www.facebook.com\\\/attractionclub\",\"https:\\\/\\\/x.com\\\/attractionclub\"]}]}<\/script>\n<!-- \/ Yoast SEO plugin. -->","yoast_head_json":{"title":"Galerie - Attraction Club - Swingers Club","robots":{"index":"index","follow":"follow","max-snippet":"max-snippet:-1","max-image-preview":"max-image-preview:large","max-video-preview":"max-video-preview:-1"},"canonical":"https:\/\/club.attractionclub.ro\/en\/album\/","twitter_card":"summary_large_image","twitter_title":"Galerie - Attraction Club - Swingers Club","twitter_description":"tesdghfghfghfghfghfghfghfghfgfghfght","twitter_image":"https:\/\/club.attractionclub.ro\/wp-content\/uploads\/1-1.jpg","twitter_site":"@attractionclub","schema":{"@context":"https:\/\/schema.org","@graph":[{"@type":"WebPage","@id":"https:\/\/club.attractionclub.ro\/album\/","url":"https:\/\/club.attractionclub.ro\/album\/","name":"Galerie - Attraction Club - Swingers Club","isPartOf":{"@id":"https:\/\/club.attractionclub.ro\/#website"},"primaryImageOfPage":{"@id":"https:\/\/club.attractionclub.ro\/album\/#primaryimage"},"image":{"@id":"https:\/\/club.attractionclub.ro\/album\/#primaryimage"},"thumbnailUrl":"https:\/\/club.attractionclub.ro\/wp-content\/uploads\/1-1.jpg","datePublished":"2010-07-22T08:05:32+00:00","dateModified":"2025-06-16T07:29:37+00:00","breadcrumb":{"@id":"https:\/\/club.attractionclub.ro\/album\/#breadcrumb"},"inLanguage":"en-US","potentialAction":[{"@type":"ReadAction","target":["https:\/\/club.attractionclub.ro\/album\/"]}]},{"@type":"ImageObject","inLanguage":"en-US","@id":"https:\/\/club.attractionclub.ro\/album\/#primaryimage","url":"https:\/\/club.attractionclub.ro\/wp-content\/uploads\/1-1.jpg","contentUrl":"https:\/\/club.attractionclub.ro\/wp-content\/uploads\/1-1.jpg"},{"@type":"BreadcrumbList","@id":"https:\/\/club.attractionclub.ro\/album\/#breadcrumb","itemListElement":[{"@type":"ListItem","position":1,"name":"Home","item":"https:\/\/club.attractionclub.ro\/"},{"@type":"ListItem","position":2,"name":"Galerie"}]},{"@type":"WebSite","@id":"https:\/\/club.attractionclub.ro\/#website","url":"https:\/\/club.attractionclub.ro\/","name":"Attraction Club - Swingers Club","description":"Via\u021ba merit\u0103 mai mult\u0103 pl\u0103cere!","publisher":{"@id":"https:\/\/club.attractionclub.ro\/#organization"},"potentialAction":[{"@type":"SearchAction","target":{"@type":"EntryPoint","urlTemplate":"https:\/\/club.attractionclub.ro\/?s={search_term_string}"},"query-input":{"@type":"PropertyValueSpecification","valueRequired":true,"valueName":"search_term_string"}}],"inLanguage":"en-US"},{"@type":"Organization","@id":"https:\/\/club.attractionclub.ro\/#organization","name":"Attraction Club","url":"https:\/\/club.attractionclub.ro\/","logo":{"@type":"ImageObject","inLanguage":"en-US","@id":"https:\/\/club.attractionclub.ro\/#\/schema\/logo\/image\/","url":"https:\/\/club.attractionclub.ro\/wp-content\/uploads\/LOGO-FINAL-MARE-fara-motto.jpg","contentUrl":"https:\/\/club.attractionclub.ro\/wp-content\/uploads\/LOGO-FINAL-MARE-fara-motto.jpg","width":1125,"height":837,"caption":"Attraction Club"},"image":{"@id":"https:\/\/club.attractionclub.ro\/#\/schema\/logo\/image\/"},"sameAs":["https:\/\/www.facebook.com\/attractionclub","https:\/\/x.com\/attractionclub"]}]}},"_links":{"self":[{"href":"https:\/\/club.attractionclub.ro\/en\/wp-json\/wp\/v2\/pages\/46","targetHints":{"allow":["GET"]}}],"collection":[{"href":"https:\/\/club.attractionclub.ro\/en\/wp-json\/wp\/v2\/pages"}],"about":[{"href":"https:\/\/club.attractionclub.ro\/en\/wp-json\/wp\/v2\/types\/page"}],"author":[{"embeddable":true,"href":"https:\/\/club.attractionclub.ro\/en\/wp-json\/wp\/v2\/users\/1"}],"replies":[{"embeddable":true,"href":"https:\/\/club.attractionclub.ro\/en\/wp-json\/wp\/v2\/comments?post=46"}],"version-history":[{"count":5,"href":"https:\/\/club.attractionclub.ro\/en\/wp-json\/wp\/v2\/pages\/46\/revisions"}],"predecessor-version":[{"id":10265,"href":"https:\/\/club.attractionclub.ro\/en\/wp-json\/wp\/v2\/pages\/46\/revisions\/10265"}],"wp:attachment":[{"href":"https:\/\/club.attractionclub.ro\/en\/wp-json\/wp\/v2\/media?parent=46"}],"curies":[{"name":"wp","href":"https:\/\/api.w.org\/{rel}","templated":true}]}}