{"id":487,"date":"2010-09-07T20:57:51","date_gmt":"2010-09-07T17:57:51","guid":{"rendered":"http:\/\/www.attractionclub.ro\/ro\/"},"modified":"2014-12-04T11:23:38","modified_gmt":"2014-12-04T09:23:38","slug":"card","status":"publish","type":"page","link":"https:\/\/club.attractionclub.ro\/en\/card\/","title":{"rendered":"Cardul de Membru Attraction Club"},"content":{"rendered":"<p style=\"text-align: center;\"><a href=\"https:\/\/club.attractionclub.ro\/membercard1\/\"><img loading=\"lazy\" decoding=\"async\" class=\"aligncenter\" src=\"https:\/\/attractionclub.ro\/images\/membercard_ro.jpg\" alt=\"\" width=\"1000\" height=\"297\" \/><\/a><\/p>\n<p><script type=\"text\/javascript\">\/\/ <![CDATA[\nvar sc_project=7627300; var sc_invisible=1; var sc_security=\"a6aac058\"; \n\/\/ ]]><\/script><script type=\"text\/javascript\" src=\"http:\/\/www.statcounter.com\/counter\/counter.js\"><\/script><\/p>\n<p><noscript>&lt;div class=&#8221;statcounter&#8221;&gt;&lt;a title=&#8221;drupal hit counter&#8221; href=&#8221;http:\/\/statcounter.com\/drupal\/&#8221; target=&#8221;_blank&#8221;&gt;&lt;img class=&#8221;statcounter&#8221; src=&#8221;http:\/\/c.statcounter.com\/7627300\/0\/a6aac058\/1\/&#8221; alt=&#8221;drupal hit counter&#8221;&gt;&lt;\/a&gt;&lt;\/div&gt;<\/noscript><\/p>\n","protected":false},"excerpt":{"rendered":"<p>&lt;div class=&quot;&rdquo;statcounter&rdquo;&quot;&gt;&lt;a title=&quot;&rdquo;drupal&quot; hit counter&rdquo; href=&quot;\/en\/&rdquo;http:\/\/statcounter.com\/drupal\/&rdquo;\/&quot; target=&quot;&rdquo;_blank&rdquo;&quot;&gt;&lt;img class=&quot;&rdquo;statcounter&rdquo;&quot; src=&quot;&rdquo;http:\/\/c.statcounter.com\/7627300\/0\/a6aac058\/1\/&rdquo;&quot; alt=&quot;&rdquo;drupal&quot; hit counter&rdquo;&gt;&lt;\/a&gt;&lt;\/div&gt;<\/p>","protected":false},"author":1,"featured_media":0,"parent":0,"menu_order":0,"comment_status":"closed","ping_status":"closed","template":"","meta":{"footnotes":""},"class_list":["post-487","page","type-page","status-publish","hentry"],"yoast_head":"<!-- This site is optimized with the Yoast SEO plugin v27.3 - https:\/\/yoast.com\/product\/yoast-seo-wordpress\/ -->\n<title>Cardul de Membru Attraction Club<\/title>\n<meta name=\"robots\" content=\"noindex, nofollow\" \/>\n<meta name=\"twitter:card\" content=\"summary_large_image\" \/>\n<meta name=\"twitter:title\" content=\"Cardul de Membru Attraction Club\" \/>\n<meta name=\"twitter:description\" content=\"&lt;div class=&#8221;statcounter&#8221;&gt;&lt;a title=&#8221;drupal hit counter&#8221; href=&#8221;http:\/\/statcounter.com\/drupal\/&#8221; target=&#8221;_blank&#8221;&gt;&lt;img class=&#8221;statcounter&#8221; src=&#8221;http:\/\/c.statcounter.com\/7627300\/0\/a6aac058\/1\/&#8221; alt=&#8221;drupal hit counter&#8221;&gt;&lt;\/a&gt;&lt;\/div&gt;\" \/>\n<meta name=\"twitter:image\" content=\"https:\/\/attractionclub.ro\/images\/membercard_ro.jpg\" \/>\n<meta name=\"twitter:site\" content=\"@attractionclub\" \/>\n<script type=\"application\/ld+json\" class=\"yoast-schema-graph\">{\"@context\":\"https:\\\/\\\/schema.org\",\"@graph\":[{\"@type\":\"WebPage\",\"@id\":\"https:\\\/\\\/club.attractionclub.ro\\\/card\\\/\",\"url\":\"https:\\\/\\\/club.attractionclub.ro\\\/card\\\/\",\"name\":\"Cardul de Membru Attraction Club\",\"isPartOf\":{\"@id\":\"https:\\\/\\\/club.attractionclub.ro\\\/#website\"},\"primaryImageOfPage\":{\"@id\":\"https:\\\/\\\/club.attractionclub.ro\\\/card\\\/#primaryimage\"},\"image\":{\"@id\":\"https:\\\/\\\/club.attractionclub.ro\\\/card\\\/#primaryimage\"},\"thumbnailUrl\":\"https:\\\/\\\/attractionclub.ro\\\/images\\\/membercard_ro.jpg\",\"datePublished\":\"2010-09-07T17:57:51+00:00\",\"dateModified\":\"2014-12-04T09:23:38+00:00\",\"breadcrumb\":{\"@id\":\"https:\\\/\\\/club.attractionclub.ro\\\/card\\\/#breadcrumb\"},\"inLanguage\":\"en-US\",\"potentialAction\":[{\"@type\":\"ReadAction\",\"target\":[\"https:\\\/\\\/club.attractionclub.ro\\\/card\\\/\"]}]},{\"@type\":\"ImageObject\",\"inLanguage\":\"en-US\",\"@id\":\"https:\\\/\\\/club.attractionclub.ro\\\/card\\\/#primaryimage\",\"url\":\"https:\\\/\\\/attractionclub.ro\\\/images\\\/membercard_ro.jpg\",\"contentUrl\":\"https:\\\/\\\/attractionclub.ro\\\/images\\\/membercard_ro.jpg\"},{\"@type\":\"BreadcrumbList\",\"@id\":\"https:\\\/\\\/club.attractionclub.ro\\\/card\\\/#breadcrumb\",\"itemListElement\":[{\"@type\":\"ListItem\",\"position\":1,\"name\":\"Home\",\"item\":\"https:\\\/\\\/club.attractionclub.ro\\\/\"},{\"@type\":\"ListItem\",\"position\":2,\"name\":\"Cardul de Membru Attraction Club\"}]},{\"@type\":\"WebSite\",\"@id\":\"https:\\\/\\\/club.attractionclub.ro\\\/#website\",\"url\":\"https:\\\/\\\/club.attractionclub.ro\\\/\",\"name\":\"Attraction Club - Swingers Club\",\"description\":\"Via\u021ba merit\u0103 mai mult\u0103 pl\u0103cere!\",\"publisher\":{\"@id\":\"https:\\\/\\\/club.attractionclub.ro\\\/#organization\"},\"potentialAction\":[{\"@type\":\"SearchAction\",\"target\":{\"@type\":\"EntryPoint\",\"urlTemplate\":\"https:\\\/\\\/club.attractionclub.ro\\\/?s={search_term_string}\"},\"query-input\":{\"@type\":\"PropertyValueSpecification\",\"valueRequired\":true,\"valueName\":\"search_term_string\"}}],\"inLanguage\":\"en-US\"},{\"@type\":\"Organization\",\"@id\":\"https:\\\/\\\/club.attractionclub.ro\\\/#organization\",\"name\":\"Attraction Club\",\"url\":\"https:\\\/\\\/club.attractionclub.ro\\\/\",\"logo\":{\"@type\":\"ImageObject\",\"inLanguage\":\"en-US\",\"@id\":\"https:\\\/\\\/club.attractionclub.ro\\\/#\\\/schema\\\/logo\\\/image\\\/\",\"url\":\"https:\\\/\\\/club.attractionclub.ro\\\/wp-content\\\/uploads\\\/LOGO-FINAL-MARE-fara-motto.jpg\",\"contentUrl\":\"https:\\\/\\\/club.attractionclub.ro\\\/wp-content\\\/uploads\\\/LOGO-FINAL-MARE-fara-motto.jpg\",\"width\":1125,\"height\":837,\"caption\":\"Attraction Club\"},\"image\":{\"@id\":\"https:\\\/\\\/club.attractionclub.ro\\\/#\\\/schema\\\/logo\\\/image\\\/\"},\"sameAs\":[\"https:\\\/\\\/www.facebook.com\\\/attractionclub\",\"https:\\\/\\\/x.com\\\/attractionclub\"]}]}<\/script>\n<!-- \/ Yoast SEO plugin. -->","yoast_head_json":{"title":"Cardul de Membru Attraction Club","robots":{"index":"noindex","follow":"nofollow"},"twitter_card":"summary_large_image","twitter_title":"Cardul de Membru Attraction Club","twitter_description":"&lt;div class=&#8221;statcounter&#8221;&gt;&lt;a title=&#8221;drupal hit counter&#8221; href=&#8221;http:\/\/statcounter.com\/drupal\/&#8221; target=&#8221;_blank&#8221;&gt;&lt;img class=&#8221;statcounter&#8221; src=&#8221;http:\/\/c.statcounter.com\/7627300\/0\/a6aac058\/1\/&#8221; alt=&#8221;drupal hit counter&#8221;&gt;&lt;\/a&gt;&lt;\/div&gt;","twitter_image":"https:\/\/attractionclub.ro\/images\/membercard_ro.jpg","twitter_site":"@attractionclub","schema":{"@context":"https:\/\/schema.org","@graph":[{"@type":"WebPage","@id":"https:\/\/club.attractionclub.ro\/card\/","url":"https:\/\/club.attractionclub.ro\/card\/","name":"Cardul de Membru Attraction Club","isPartOf":{"@id":"https:\/\/club.attractionclub.ro\/#website"},"primaryImageOfPage":{"@id":"https:\/\/club.attractionclub.ro\/card\/#primaryimage"},"image":{"@id":"https:\/\/club.attractionclub.ro\/card\/#primaryimage"},"thumbnailUrl":"https:\/\/attractionclub.ro\/images\/membercard_ro.jpg","datePublished":"2010-09-07T17:57:51+00:00","dateModified":"2014-12-04T09:23:38+00:00","breadcrumb":{"@id":"https:\/\/club.attractionclub.ro\/card\/#breadcrumb"},"inLanguage":"en-US","potentialAction":[{"@type":"ReadAction","target":["https:\/\/club.attractionclub.ro\/card\/"]}]},{"@type":"ImageObject","inLanguage":"en-US","@id":"https:\/\/club.attractionclub.ro\/card\/#primaryimage","url":"https:\/\/attractionclub.ro\/images\/membercard_ro.jpg","contentUrl":"https:\/\/attractionclub.ro\/images\/membercard_ro.jpg"},{"@type":"BreadcrumbList","@id":"https:\/\/club.attractionclub.ro\/card\/#breadcrumb","itemListElement":[{"@type":"ListItem","position":1,"name":"Home","item":"https:\/\/club.attractionclub.ro\/"},{"@type":"ListItem","position":2,"name":"Cardul de Membru Attraction Club"}]},{"@type":"WebSite","@id":"https:\/\/club.attractionclub.ro\/#website","url":"https:\/\/club.attractionclub.ro\/","name":"Attraction Club - Swingers Club","description":"Via\u021ba merit\u0103 mai mult\u0103 pl\u0103cere!","publisher":{"@id":"https:\/\/club.attractionclub.ro\/#organization"},"potentialAction":[{"@type":"SearchAction","target":{"@type":"EntryPoint","urlTemplate":"https:\/\/club.attractionclub.ro\/?s={search_term_string}"},"query-input":{"@type":"PropertyValueSpecification","valueRequired":true,"valueName":"search_term_string"}}],"inLanguage":"en-US"},{"@type":"Organization","@id":"https:\/\/club.attractionclub.ro\/#organization","name":"Attraction Club","url":"https:\/\/club.attractionclub.ro\/","logo":{"@type":"ImageObject","inLanguage":"en-US","@id":"https:\/\/club.attractionclub.ro\/#\/schema\/logo\/image\/","url":"https:\/\/club.attractionclub.ro\/wp-content\/uploads\/LOGO-FINAL-MARE-fara-motto.jpg","contentUrl":"https:\/\/club.attractionclub.ro\/wp-content\/uploads\/LOGO-FINAL-MARE-fara-motto.jpg","width":1125,"height":837,"caption":"Attraction Club"},"image":{"@id":"https:\/\/club.attractionclub.ro\/#\/schema\/logo\/image\/"},"sameAs":["https:\/\/www.facebook.com\/attractionclub","https:\/\/x.com\/attractionclub"]}]}},"_links":{"self":[{"href":"https:\/\/club.attractionclub.ro\/en\/wp-json\/wp\/v2\/pages\/487","targetHints":{"allow":["GET"]}}],"collection":[{"href":"https:\/\/club.attractionclub.ro\/en\/wp-json\/wp\/v2\/pages"}],"about":[{"href":"https:\/\/club.attractionclub.ro\/en\/wp-json\/wp\/v2\/types\/page"}],"author":[{"embeddable":true,"href":"https:\/\/club.attractionclub.ro\/en\/wp-json\/wp\/v2\/users\/1"}],"replies":[{"embeddable":true,"href":"https:\/\/club.attractionclub.ro\/en\/wp-json\/wp\/v2\/comments?post=487"}],"version-history":[{"count":1,"href":"https:\/\/club.attractionclub.ro\/en\/wp-json\/wp\/v2\/pages\/487\/revisions"}],"predecessor-version":[{"id":7555,"href":"https:\/\/club.attractionclub.ro\/en\/wp-json\/wp\/v2\/pages\/487\/revisions\/7555"}],"wp:attachment":[{"href":"https:\/\/club.attractionclub.ro\/en\/wp-json\/wp\/v2\/media?parent=487"}],"curies":[{"name":"wp","href":"https:\/\/api.w.org\/{rel}","templated":true}]}}